{"id":195,"date":"2015-06-12T08:48:10","date_gmt":"2015-06-12T11:48:10","guid":{"rendered":"http:\/\/equipo-imca.com.ar\/congreso2015\/?page_id=195"},"modified":"2016-05-23T09:15:43","modified_gmt":"2016-05-23T12:15:43","slug":"ponencias","status":"publish","type":"page","link":"http:\/\/www.equipo-imca.com.ar\/congreso2016\/ponencias\/","title":{"rendered":"Ponencias"},"content":{"rendered":"<p>En el marco del IV Congreso Internacional de Abordaje de Conflictos\u00a0 \u201cVencer la Indiferencia para lograr la Paz\u201d, a realizarse los d\u00edas 18, 19 y 20 de Mayo de 2016 en la Universidad Kennedy de la Ciudad Aut\u00f3noma de Buenos Aires, sede de la calle Parral 221, se abre la posibilidad de presentaci\u00f3n de ponencias relacionadas con los \u00a0temas centrales que se desarrollar\u00e1n en los distintos paneles.<\/p>\n<div class=\"gdlr-shortcode-wrapper gdlr-row-shortcode\">\r\n<div class=\"four columns\"><div class=\"gdlr-item gdlr-column-shortcode\"><a class=\"gdlr-button medium\" href=\"http:\/\/www.equipo-imca.com.ar\/congreso2016\/ponencias\/reglamento\/\" target=\"_self\"  style=\"color:#ffffff; background-color:#f62b0a; \"  >Ver Reglamento<\/a>\n<\/div><\/div>\r\n<div class=\"four columns\"><div class=\"gdlr-item gdlr-column-shortcode\"><a class=\"gdlr-button medium\" href=\"http:\/\/www.equipo-imca.com.ar\/congreso2016\/ponencias\/resumenes-los-expositores\/\" target=\"_self\"  style=\"color:#ffffff; background-color:#f62b0a; \"  >Res\u00famenes de los Expositores<\/a>\n<\/div><\/div>\r\n<div class=\"four columns\"><div class=\"gdlr-item gdlr-column-shortcode\"><a class=\"gdlr-button medium\" href=\"http:\/\/www.equipo-imca.com.ar\/congreso2016\/ponencias\/resumenes-los-participantes\/\" target=\"_self\"  style=\"color:#ffffff; background-color:#f62b0a; \"  >Res\u00famenes de los Participantes<\/a>\n<\/div><\/div>\r\n<div class=\"clear\"><\/div><\/div>\n<p>&nbsp;<\/p>\n","protected":false},"excerpt":{"rendered":"<p>En el marco del IV Congreso Internacional de Abordaje de Conflictos\u00a0 \u201cVencer la Indiferencia para lograr la Paz\u201d, a realizarse los d\u00edas 18, 19 y 20 de Mayo de 2016 en la Universidad Kennedy de la Ciudad Aut\u00f3noma de Buenos Aires, sede de la calle Parral 221, se abre la posibilidad de presentaci\u00f3n de ponencias&#8230; <\/p>\n<div class=\"clear\"><\/div>\n<p><a href=\"http:\/\/www.equipo-imca.com.ar\/congreso2016\/ponencias\/\" class=\"gdlr-info-font excerpt-read-more\">Leer M\u00e1s<\/a><\/p>\n","protected":false},"author":1,"featured_media":0,"parent":0,"menu_order":0,"comment_status":"closed","ping_status":"closed","template":"","meta":[],"yoast_head":"<!-- This site is optimized with the Yoast SEO plugin v17.0 - https:\/\/yoast.com\/wordpress\/plugins\/seo\/ -->\n<title>Ponencias - IV Congreso Internacional de Abordaje de Conflictos<\/title>\n<meta name=\"robots\" content=\"index, follow, max-snippet:-1, max-image-preview:large, max-video-preview:-1\" \/>\n<link rel=\"canonical\" href=\"http:\/\/www.equipo-imca.com.ar\/congreso2016\/ponencias\/\" \/>\n<meta property=\"og:locale\" content=\"es_ES\" \/>\n<meta property=\"og:type\" content=\"article\" \/>\n<meta property=\"og:title\" content=\"Ponencias - IV Congreso Internacional de Abordaje de Conflictos\" \/>\n<meta property=\"og:description\" content=\"En el marco del IV Congreso Internacional de Abordaje de Conflictos\u00a0 \u201cVencer la Indiferencia para lograr la Paz\u201d, a realizarse los d\u00edas 18, 19 y 20 de Mayo de 2016 en la Universidad Kennedy de la Ciudad Aut\u00f3noma de Buenos Aires, sede de la calle Parral 221, se abre la posibilidad de presentaci\u00f3n de ponencias... Leer M\u00e1s\" \/>\n<meta property=\"og:url\" content=\"http:\/\/www.equipo-imca.com.ar\/congreso2016\/ponencias\/\" \/>\n<meta property=\"og:site_name\" content=\"IV Congreso Internacional de Abordaje de Conflictos\" \/>\n<meta property=\"article:modified_time\" content=\"2016-05-23T12:15:43+00:00\" \/>\n<meta name=\"twitter:card\" content=\"summary\" \/>\n<meta name=\"twitter:label1\" content=\"Tiempo de lectura\" \/>\n\t<meta name=\"twitter:data1\" content=\"1 minuto\" \/>\n<script type=\"application\/ld+json\" class=\"yoast-schema-graph\">{\"@context\":\"https:\/\/schema.org\",\"@graph\":[{\"@type\":\"WebSite\",\"@id\":\"http:\/\/www.equipo-imca.com.ar\/congreso2016\/#website\",\"url\":\"http:\/\/www.equipo-imca.com.ar\/congreso2016\/\",\"name\":\"IV Congreso Internacional de Abordaje de Conflictos\",\"description\":\"\\u201cVencer la indiferencia para lograr la Paz\\u201d\",\"potentialAction\":[{\"@type\":\"SearchAction\",\"target\":{\"@type\":\"EntryPoint\",\"urlTemplate\":\"http:\/\/www.equipo-imca.com.ar\/congreso2016\/?s={search_term_string}\"},\"query-input\":\"required name=search_term_string\"}],\"inLanguage\":\"es\"},{\"@type\":\"WebPage\",\"@id\":\"http:\/\/www.equipo-imca.com.ar\/congreso2016\/ponencias\/#webpage\",\"url\":\"http:\/\/www.equipo-imca.com.ar\/congreso2016\/ponencias\/\",\"name\":\"Ponencias - IV Congreso Internacional de Abordaje de Conflictos\",\"isPartOf\":{\"@id\":\"http:\/\/www.equipo-imca.com.ar\/congreso2016\/#website\"},\"datePublished\":\"2015-06-12T11:48:10+00:00\",\"dateModified\":\"2016-05-23T12:15:43+00:00\",\"breadcrumb\":{\"@id\":\"http:\/\/www.equipo-imca.com.ar\/congreso2016\/ponencias\/#breadcrumb\"},\"inLanguage\":\"es\",\"potentialAction\":[{\"@type\":\"ReadAction\",\"target\":[\"http:\/\/www.equipo-imca.com.ar\/congreso2016\/ponencias\/\"]}]},{\"@type\":\"BreadcrumbList\",\"@id\":\"http:\/\/www.equipo-imca.com.ar\/congreso2016\/ponencias\/#breadcrumb\",\"itemListElement\":[{\"@type\":\"ListItem\",\"position\":1,\"name\":\"Portada\",\"item\":\"http:\/\/www.equipo-imca.com.ar\/congreso2016\/\"},{\"@type\":\"ListItem\",\"position\":2,\"name\":\"Ponencias\"}]}]}<\/script>\n<!-- \/ Yoast SEO plugin. -->","yoast_head_json":{"title":"Ponencias - IV Congreso Internacional de Abordaje de Conflictos","robots":{"index":"index","follow":"follow","max-snippet":"max-snippet:-1","max-image-preview":"max-image-preview:large","max-video-preview":"max-video-preview:-1"},"canonical":"http:\/\/www.equipo-imca.com.ar\/congreso2016\/ponencias\/","og_locale":"es_ES","og_type":"article","og_title":"Ponencias - IV Congreso Internacional de Abordaje de Conflictos","og_description":"En el marco del IV Congreso Internacional de Abordaje de Conflictos\u00a0 \u201cVencer la Indiferencia para lograr la Paz\u201d, a realizarse los d\u00edas 18, 19 y 20 de Mayo de 2016 en la Universidad Kennedy de la Ciudad Aut\u00f3noma de Buenos Aires, sede de la calle Parral 221, se abre la posibilidad de presentaci\u00f3n de ponencias... Leer M\u00e1s","og_url":"http:\/\/www.equipo-imca.com.ar\/congreso2016\/ponencias\/","og_site_name":"IV Congreso Internacional de Abordaje de Conflictos","article_modified_time":"2016-05-23T12:15:43+00:00","twitter_card":"summary","twitter_misc":{"Tiempo de lectura":"1 minuto"},"schema":{"@context":"https:\/\/schema.org","@graph":[{"@type":"WebSite","@id":"http:\/\/www.equipo-imca.com.ar\/congreso2016\/#website","url":"http:\/\/www.equipo-imca.com.ar\/congreso2016\/","name":"IV Congreso Internacional de Abordaje de Conflictos","description":"\u201cVencer la indiferencia para lograr la Paz\u201d","potentialAction":[{"@type":"SearchAction","target":{"@type":"EntryPoint","urlTemplate":"http:\/\/www.equipo-imca.com.ar\/congreso2016\/?s={search_term_string}"},"query-input":"required name=search_term_string"}],"inLanguage":"es"},{"@type":"WebPage","@id":"http:\/\/www.equipo-imca.com.ar\/congreso2016\/ponencias\/#webpage","url":"http:\/\/www.equipo-imca.com.ar\/congreso2016\/ponencias\/","name":"Ponencias - IV Congreso Internacional de Abordaje de Conflictos","isPartOf":{"@id":"http:\/\/www.equipo-imca.com.ar\/congreso2016\/#website"},"datePublished":"2015-06-12T11:48:10+00:00","dateModified":"2016-05-23T12:15:43+00:00","breadcrumb":{"@id":"http:\/\/www.equipo-imca.com.ar\/congreso2016\/ponencias\/#breadcrumb"},"inLanguage":"es","potentialAction":[{"@type":"ReadAction","target":["http:\/\/www.equipo-imca.com.ar\/congreso2016\/ponencias\/"]}]},{"@type":"BreadcrumbList","@id":"http:\/\/www.equipo-imca.com.ar\/congreso2016\/ponencias\/#breadcrumb","itemListElement":[{"@type":"ListItem","position":1,"name":"Portada","item":"http:\/\/www.equipo-imca.com.ar\/congreso2016\/"},{"@type":"ListItem","position":2,"name":"Ponencias"}]}]}},"_links":{"self":[{"href":"http:\/\/www.equipo-imca.com.ar\/congreso2016\/wp-json\/wp\/v2\/pages\/195"}],"collection":[{"href":"http:\/\/www.equipo-imca.com.ar\/congreso2016\/wp-json\/wp\/v2\/pages"}],"about":[{"href":"http:\/\/www.equipo-imca.com.ar\/congreso2016\/wp-json\/wp\/v2\/types\/page"}],"author":[{"embeddable":true,"href":"http:\/\/www.equipo-imca.com.ar\/congreso2016\/wp-json\/wp\/v2\/users\/1"}],"replies":[{"embeddable":true,"href":"http:\/\/www.equipo-imca.com.ar\/congreso2016\/wp-json\/wp\/v2\/comments?post=195"}],"version-history":[{"count":7,"href":"http:\/\/www.equipo-imca.com.ar\/congreso2016\/wp-json\/wp\/v2\/pages\/195\/revisions"}],"predecessor-version":[{"id":754,"href":"http:\/\/www.equipo-imca.com.ar\/congreso2016\/wp-json\/wp\/v2\/pages\/195\/revisions\/754"}],"wp:attachment":[{"href":"http:\/\/www.equipo-imca.com.ar\/congreso2016\/wp-json\/wp\/v2\/media?parent=195"}],"curies":[{"name":"wp","href":"https:\/\/api.w.org\/{rel}","templated":true}]}}