{"id":201,"date":"2015-06-13T12:30:07","date_gmt":"2015-06-13T15:30:07","guid":{"rendered":"http:\/\/equipo-imca.com.ar\/congreso2015\/?page_id=201"},"modified":"2016-03-17T22:43:53","modified_gmt":"2016-03-18T01:43:53","slug":"pago-offline","status":"publish","type":"page","link":"http:\/\/www.equipo-imca.com.ar\/congreso2016\/inscripcion\/pago-offline\/","title":{"rendered":"Pago Offline"},"content":{"rendered":"<p>Para realizar la inscripci\u00f3n y pago offline, complete el siguiente formulario. Recibir\u00e1 por email la informaci\u00f3n necesaria para realizar el pago.<\/p>\n<div role=\"form\" class=\"wpcf7\" id=\"wpcf7-f414-o1\" lang=\"es-ES\" dir=\"ltr\">\n<div class=\"screen-reader-response\"><p role=\"status\" aria-live=\"polite\" aria-atomic=\"true\"><\/p> <ul><\/ul><\/div>\n<form action=\"\/congreso2016\/wp-json\/wp\/v2\/pages\/201#wpcf7-f414-o1\" method=\"post\" class=\"wpcf7-form init\" novalidate=\"novalidate\" data-status=\"init\">\n<div style=\"display: none;\">\n<input type=\"hidden\" name=\"_wpcf7\" value=\"414\" \/>\n<input type=\"hidden\" name=\"_wpcf7_version\" value=\"5.4.2\" \/>\n<input type=\"hidden\" name=\"_wpcf7_locale\" value=\"es_ES\" \/>\n<input type=\"hidden\" name=\"_wpcf7_unit_tag\" value=\"wpcf7-f414-o1\" \/>\n<input type=\"hidden\" name=\"_wpcf7_container_post\" value=\"0\" \/>\n<input type=\"hidden\" name=\"_wpcf7_posted_data_hash\" value=\"\" \/>\n<\/div>\n<p>Nombre y Apellido (requerido)<br \/>\n    <span class=\"wpcf7-form-control-wrap your-name\"><input type=\"text\" name=\"your-name\" value=\"\" size=\"40\" class=\"wpcf7-form-control wpcf7-text wpcf7-validates-as-required\" aria-required=\"true\" aria-invalid=\"false\" \/><\/span> <\/p>\n<p>Email (requerido)<br \/>\n    <span class=\"wpcf7-form-control-wrap your-email\"><input type=\"email\" name=\"your-email\" value=\"\" size=\"40\" class=\"wpcf7-form-control wpcf7-text wpcf7-email wpcf7-validates-as-required wpcf7-validates-as-email\" aria-required=\"true\" aria-invalid=\"false\" \/><\/span> <\/p>\n<p>Tel\u00e9fono (requerido)<br \/>\n    <span class=\"wpcf7-form-control-wrap your-phone\"><input type=\"text\" name=\"your-phone\" value=\"\" size=\"40\" class=\"wpcf7-form-control wpcf7-text wpcf7-validates-as-required\" aria-required=\"true\" aria-invalid=\"false\" \/><\/span> <\/p>\n<p>Direcci\u00f3n Postal (requerido)<br \/>\n<span>Ingrese calle, n\u00famero, c\u00f3digo postal, ciudad, provincia y pa\u00eds<\/span><br \/>\n    <span class=\"wpcf7-form-control-wrap your-address\"><textarea name=\"your-address\" cols=\"60\" rows=\"6\" class=\"wpcf7-form-control wpcf7-textarea wpcf7-validates-as-required\" aria-required=\"true\" aria-invalid=\"false\"><\/textarea><\/span> <\/p>\n<p>\u00bfEs miembro de UMP, CAM, UCES o IMCA?<br \/>\n    <span class=\"wpcf7-form-control-wrap miembro\"><span class=\"wpcf7-form-control wpcf7-radio\"><span class=\"wpcf7-list-item first\"><label><input type=\"radio\" name=\"miembro\" value=\"S\u00ed\" \/><span class=\"wpcf7-list-item-label\">S\u00ed<\/span><\/label><\/span><span class=\"wpcf7-list-item last\"><label><input type=\"radio\" name=\"miembro\" value=\"No\" \/><span class=\"wpcf7-list-item-label\">No<\/span><\/label><\/span><\/span><\/span> <\/p>\n<p>\u00bfC\u00f3mo desea abonar?<br \/>\n    <span class=\"wpcf7-form-control-wrap abonar\"><span class=\"wpcf7-form-control wpcf7-radio\"><span class=\"wpcf7-list-item first\"><label><input type=\"radio\" name=\"abonar\" value=\"Efectivo\" \/><span class=\"wpcf7-list-item-label\">Efectivo<\/span><\/label><\/span><span class=\"wpcf7-list-item\"><label><input type=\"radio\" name=\"abonar\" value=\"Transferencia Bancaria\" \/><span class=\"wpcf7-list-item-label\">Transferencia Bancaria<\/span><\/label><\/span><span class=\"wpcf7-list-item last\"><label><input type=\"radio\" name=\"abonar\" value=\"Dep\u00f3sito Bancario\" \/><span class=\"wpcf7-list-item-label\">Dep\u00f3sito Bancario<\/span><\/label><\/span><\/span><\/span> <\/p>\n<p>Asistentes<br \/>\n<span>(En caso de abonar la inscripci\u00f3n de un grupo de personas, por favor, ingrese el nombre y apellido de todos los miembros del grupo. Recuerde indicar si son miembros de UMP, CAM, UCES o IMCA)<\/span><br \/>\n    <span class=\"wpcf7-form-control-wrap your-group\"><textarea name=\"your-group\" cols=\"60\" rows=\"6\" class=\"wpcf7-form-control wpcf7-textarea\" aria-invalid=\"false\"><\/textarea><\/span> <\/p>\n<p>Mensaje Opcional<br \/>\n    <span class=\"wpcf7-form-control-wrap your-message\"><textarea name=\"your-message\" cols=\"60\" rows=\"6\" class=\"wpcf7-form-control wpcf7-textarea\" aria-invalid=\"false\"><\/textarea><\/span> <\/p>\n<p><input type=\"submit\" value=\"Enviar\" class=\"wpcf7-form-control wpcf7-submit\" \/><\/p>\n<div class=\"wpcf7-response-output\" aria-hidden=\"true\"><\/div><\/form><\/div>\n","protected":false},"excerpt":{"rendered":"<p>Para realizar la inscripci\u00f3n y pago offline, complete el siguiente formulario. Recibir\u00e1 por email la informaci\u00f3n necesaria para realizar el pago.<\/p>\n","protected":false},"author":1,"featured_media":0,"parent":260,"menu_order":0,"comment_status":"closed","ping_status":"closed","template":"","meta":[],"yoast_head":"<!-- This site is optimized with the Yoast SEO plugin v17.0 - https:\/\/yoast.com\/wordpress\/plugins\/seo\/ -->\n<title>Pago Offline - IV Congreso Internacional de Abordaje de Conflictos<\/title>\n<meta name=\"robots\" content=\"index, follow, max-snippet:-1, max-image-preview:large, max-video-preview:-1\" \/>\n<link rel=\"canonical\" href=\"http:\/\/www.equipo-imca.com.ar\/congreso2016\/inscripcion\/pago-offline\/\" \/>\n<meta property=\"og:locale\" content=\"es_ES\" \/>\n<meta property=\"og:type\" content=\"article\" \/>\n<meta property=\"og:title\" content=\"Pago Offline - IV Congreso Internacional de Abordaje de Conflictos\" \/>\n<meta property=\"og:description\" content=\"Para realizar la inscripci\u00f3n y pago offline, complete el siguiente formulario. Recibir\u00e1 por email la informaci\u00f3n necesaria para realizar el pago.\" \/>\n<meta property=\"og:url\" content=\"http:\/\/www.equipo-imca.com.ar\/congreso2016\/inscripcion\/pago-offline\/\" \/>\n<meta property=\"og:site_name\" content=\"IV Congreso Internacional de Abordaje de Conflictos\" \/>\n<meta property=\"article:modified_time\" content=\"2016-03-18T01:43:53+00:00\" \/>\n<meta name=\"twitter:card\" content=\"summary\" \/>\n<script type=\"application\/ld+json\" class=\"yoast-schema-graph\">{\"@context\":\"https:\/\/schema.org\",\"@graph\":[{\"@type\":\"WebSite\",\"@id\":\"http:\/\/www.equipo-imca.com.ar\/congreso2016\/#website\",\"url\":\"http:\/\/www.equipo-imca.com.ar\/congreso2016\/\",\"name\":\"IV Congreso Internacional de Abordaje de Conflictos\",\"description\":\"\\u201cVencer la indiferencia para lograr la Paz\\u201d\",\"potentialAction\":[{\"@type\":\"SearchAction\",\"target\":{\"@type\":\"EntryPoint\",\"urlTemplate\":\"http:\/\/www.equipo-imca.com.ar\/congreso2016\/?s={search_term_string}\"},\"query-input\":\"required name=search_term_string\"}],\"inLanguage\":\"es\"},{\"@type\":\"WebPage\",\"@id\":\"http:\/\/www.equipo-imca.com.ar\/congreso2016\/inscripcion\/pago-offline\/#webpage\",\"url\":\"http:\/\/www.equipo-imca.com.ar\/congreso2016\/inscripcion\/pago-offline\/\",\"name\":\"Pago Offline - IV Congreso Internacional de Abordaje de Conflictos\",\"isPartOf\":{\"@id\":\"http:\/\/www.equipo-imca.com.ar\/congreso2016\/#website\"},\"datePublished\":\"2015-06-13T15:30:07+00:00\",\"dateModified\":\"2016-03-18T01:43:53+00:00\",\"breadcrumb\":{\"@id\":\"http:\/\/www.equipo-imca.com.ar\/congreso2016\/inscripcion\/pago-offline\/#breadcrumb\"},\"inLanguage\":\"es\",\"potentialAction\":[{\"@type\":\"ReadAction\",\"target\":[\"http:\/\/www.equipo-imca.com.ar\/congreso2016\/inscripcion\/pago-offline\/\"]}]},{\"@type\":\"BreadcrumbList\",\"@id\":\"http:\/\/www.equipo-imca.com.ar\/congreso2016\/inscripcion\/pago-offline\/#breadcrumb\",\"itemListElement\":[{\"@type\":\"ListItem\",\"position\":1,\"name\":\"Portada\",\"item\":\"http:\/\/www.equipo-imca.com.ar\/congreso2016\/\"},{\"@type\":\"ListItem\",\"position\":2,\"name\":\"Inscripci\\u00f3n\",\"item\":\"http:\/\/www.equipo-imca.com.ar\/congreso2016\/inscripcion\/\"},{\"@type\":\"ListItem\",\"position\":3,\"name\":\"Pago Offline\"}]}]}<\/script>\n<!-- \/ Yoast SEO plugin. -->","yoast_head_json":{"title":"Pago Offline - IV Congreso Internacional de Abordaje de Conflictos","robots":{"index":"index","follow":"follow","max-snippet":"max-snippet:-1","max-image-preview":"max-image-preview:large","max-video-preview":"max-video-preview:-1"},"canonical":"http:\/\/www.equipo-imca.com.ar\/congreso2016\/inscripcion\/pago-offline\/","og_locale":"es_ES","og_type":"article","og_title":"Pago Offline - IV Congreso Internacional de Abordaje de Conflictos","og_description":"Para realizar la inscripci\u00f3n y pago offline, complete el siguiente formulario. Recibir\u00e1 por email la informaci\u00f3n necesaria para realizar el pago.","og_url":"http:\/\/www.equipo-imca.com.ar\/congreso2016\/inscripcion\/pago-offline\/","og_site_name":"IV Congreso Internacional de Abordaje de Conflictos","article_modified_time":"2016-03-18T01:43:53+00:00","twitter_card":"summary","schema":{"@context":"https:\/\/schema.org","@graph":[{"@type":"WebSite","@id":"http:\/\/www.equipo-imca.com.ar\/congreso2016\/#website","url":"http:\/\/www.equipo-imca.com.ar\/congreso2016\/","name":"IV Congreso Internacional de Abordaje de Conflictos","description":"\u201cVencer la indiferencia para lograr la Paz\u201d","potentialAction":[{"@type":"SearchAction","target":{"@type":"EntryPoint","urlTemplate":"http:\/\/www.equipo-imca.com.ar\/congreso2016\/?s={search_term_string}"},"query-input":"required name=search_term_string"}],"inLanguage":"es"},{"@type":"WebPage","@id":"http:\/\/www.equipo-imca.com.ar\/congreso2016\/inscripcion\/pago-offline\/#webpage","url":"http:\/\/www.equipo-imca.com.ar\/congreso2016\/inscripcion\/pago-offline\/","name":"Pago Offline - IV Congreso Internacional de Abordaje de Conflictos","isPartOf":{"@id":"http:\/\/www.equipo-imca.com.ar\/congreso2016\/#website"},"datePublished":"2015-06-13T15:30:07+00:00","dateModified":"2016-03-18T01:43:53+00:00","breadcrumb":{"@id":"http:\/\/www.equipo-imca.com.ar\/congreso2016\/inscripcion\/pago-offline\/#breadcrumb"},"inLanguage":"es","potentialAction":[{"@type":"ReadAction","target":["http:\/\/www.equipo-imca.com.ar\/congreso2016\/inscripcion\/pago-offline\/"]}]},{"@type":"BreadcrumbList","@id":"http:\/\/www.equipo-imca.com.ar\/congreso2016\/inscripcion\/pago-offline\/#breadcrumb","itemListElement":[{"@type":"ListItem","position":1,"name":"Portada","item":"http:\/\/www.equipo-imca.com.ar\/congreso2016\/"},{"@type":"ListItem","position":2,"name":"Inscripci\u00f3n","item":"http:\/\/www.equipo-imca.com.ar\/congreso2016\/inscripcion\/"},{"@type":"ListItem","position":3,"name":"Pago Offline"}]}]}},"_links":{"self":[{"href":"http:\/\/www.equipo-imca.com.ar\/congreso2016\/wp-json\/wp\/v2\/pages\/201"}],"collection":[{"href":"http:\/\/www.equipo-imca.com.ar\/congreso2016\/wp-json\/wp\/v2\/pages"}],"about":[{"href":"http:\/\/www.equipo-imca.com.ar\/congreso2016\/wp-json\/wp\/v2\/types\/page"}],"author":[{"embeddable":true,"href":"http:\/\/www.equipo-imca.com.ar\/congreso2016\/wp-json\/wp\/v2\/users\/1"}],"replies":[{"embeddable":true,"href":"http:\/\/www.equipo-imca.com.ar\/congreso2016\/wp-json\/wp\/v2\/comments?post=201"}],"version-history":[{"count":1,"href":"http:\/\/www.equipo-imca.com.ar\/congreso2016\/wp-json\/wp\/v2\/pages\/201\/revisions"}],"predecessor-version":[{"id":415,"href":"http:\/\/www.equipo-imca.com.ar\/congreso2016\/wp-json\/wp\/v2\/pages\/201\/revisions\/415"}],"up":[{"embeddable":true,"href":"http:\/\/www.equipo-imca.com.ar\/congreso2016\/wp-json\/wp\/v2\/pages\/260"}],"wp:attachment":[{"href":"http:\/\/www.equipo-imca.com.ar\/congreso2016\/wp-json\/wp\/v2\/media?parent=201"}],"curies":[{"name":"wp","href":"https:\/\/api.w.org\/{rel}","templated":true}]}}