{"id":260,"date":"2015-07-31T16:09:04","date_gmt":"2015-07-31T19:09:04","guid":{"rendered":"http:\/\/equipo-imca.com.ar\/congreso2015\/?page_id=260"},"modified":"2016-04-30T16:19:22","modified_gmt":"2016-04-30T19:19:22","slug":"inscripcion","status":"publish","type":"page","link":"http:\/\/www.equipo-imca.com.ar\/congreso2016\/inscripcion\/","title":{"rendered":"Inscripci\u00f3n"},"content":{"rendered":"<h2>Pagos Offline<\/h2>\n<p>\u00bfDesea abonar en efectivo o mediante transferencia o dep\u00f3sito bancario?: <a href=\"http:\/\/equipo-imca.com.ar\/congreso2016\/inscripcion\/pago-offline\">Ingrese aqu\u00ed <\/a><\/p>\n<h2>Pagos Online<\/h2>\n<p>Seleccione el tipo de inscripci\u00f3n y agregue al carro de compras la cantidad necesaria de inscripciones. Luego, proceda al pago mediante la plataforma de DineroMail.<\/p>\n<p><a href=\"#\" onclick=\"window.open('https:\/\/argentina.dineromail.com\/Carrito\/cart.asp?Comercio=3289270','Carrito','width=600,height=275,toolbar=no,location=no,status=no,menubar=no,resizable=yes,scrollbars=no,directories=no');\"><img src=\"http:\/\/www.equipo-imca.com.ar\/congreso2016\/wp-content\/themes\/thekeynote-child\/images\/carrito-ver.jpg\" border=\"0\"><\/a><\/p>\n<div class=\"gdlr-shortcode-wrapper\"><div class=\"gdlr-item gdlr-accordion-item style-1\"  ><div class=\"accordion-tab active pre-active\" ><h4 class=\"accordion-title\" ><i class=\"icon-minus\" ><\/i><span>Inscripci\u00f3n General<\/span><\/h4><div class=\"accordion-content\"><div class=\"gdlr-shortcode-wrapper gdlr-row-shortcode\">\n<div class=\"four columns\">\n<div class=\"gdlr-item gdlr-column-shortcode\">\n<h3>Congreso<\/h3>\n<p>Hasta 8\/4\/2016: $AR 1.300<\/p>\n<p>Hasta 6\/5\/2016: $AR 1.500<\/p>\n<p>Hasta 17\/5\/2016: $AR 1.800<\/p>\n<\/div>\n<\/div>\n<div class=\"eight columns\">\n<div class=\"gdlr-item gdlr-column-shortcode\">\n<h3>Congreso + Taller<\/h3>\n<p>Hasta el 8\/4\/2016: $AR 1.500<\/p>\n<p>Hasta el 6\/5\/2016: $AR 1.700<\/p>\n<p>Hasta el 17\/5\/2016: $AR 2.000<\/p>\n<\/div>\n<\/div>\n<div class=\"clear\"><\/div>\n<\/div>\n<\/div><\/div><div class=\"accordion-tab\" ><h4 class=\"accordion-title\" ><i class=\"icon-plus\" ><\/i><span>Tarifas con 20% de descuento<\/span><\/h4><div class=\"accordion-content\"><p>Tarifas con 20% de descuento sobre valores finales. Los beneficios no son acumulables. Los descuentos se efectuar\u00e1n, previa acreditaci\u00f3n, a:<br \/>\n\u2013 ex alumnos de Equipo I.M.C.A.<br \/>\n\u2013 participantes de Congresos anteriores<br \/>\n\u2013 ex alumnos de Universidad Kennedy, ACR, Mediuc, Medes<br \/>\n\u2013 docentes de Universidad Kennedy<br \/>\n\u2013 socios de UMP, Club de Abogados Mediadores, Colegios de Abogados de Buenos Aires, AABA<br \/>\n\u2013 ex alumnos de UCES<br \/>\n\u2013 grupos de 3 personas<\/p>\n<div class=\"gdlr-shortcode-wrapper gdlr-row-shortcode\">\n<div class=\"four columns\">\n<div class=\"gdlr-item gdlr-column-shortcode\">\n<h3>Congreso<\/h3>\n<p>Hasta el 8\/4\/2016: $AR 1.040<\/p>\n<p>Hasta el 6\/5\/2016: $AR 1.200<\/p>\n<p>Hasta el 17\/5\/2016: $AR 1.440<\/p>\n<\/div>\n<\/div>\n<div class=\"eight columns\">\n<div class=\"gdlr-item gdlr-column-shortcode\">\n<h3>Congreso + Taller<\/h3>\n<p>Hasta el 8\/4\/2016: $AR 1.200<\/p>\n<p>Hasta el 6\/5\/2016: $AR 1.360<\/p>\n<p>Hasta el 17\/5\/2016: $AR 1.600<\/p>\n<\/div>\n<\/div>\n<div class=\"clear\"><\/div>\n<\/div>\n<\/div><\/div><div class=\"accordion-tab\" ><h4 class=\"accordion-title\" ><i class=\"icon-plus\" ><\/i><span>Estudiantes Universidad Kennedy<\/span><\/h4><div class=\"accordion-content\"><p>Los alumnos de la Universidad Argentina John F. Kennedy gozan de un 70% de descuento.<\/p>\n<div class=\"gdlr-shortcode-wrapper gdlr-row-shortcode\">\n<div class=\"four columns\">\n<div class=\"gdlr-item gdlr-column-shortcode\">\n<h3>Congreso<\/h3>\n<p>Hasta el 8\/4\/2016: $AR 390<\/p>\n<p>Hasta el 6\/5\/2016: $AR 450<\/p>\n<p>Hasta el 17\/5\/2016: $AR 540<\/p>\n<\/div>\n<\/div>\n<div class=\"eight columns\">\n<div class=\"gdlr-item gdlr-column-shortcode\">\n<h3>Congreso + Taller<\/h3>\n<p>Hasta el 8\/4\/2016: $AR 450<\/p>\n<p>Hasta el 6\/5\/2016: $AR 510<\/p>\n<p>Hasta el 17\/5\/2016: $AR 600<\/p>\n<\/div>\n<\/div>\n<div class=\"clear\"><\/div>\n<\/div>\n<\/div><\/div><div class=\"accordion-tab\" ><h4 class=\"accordion-title\" ><i class=\"icon-plus\" ><\/i><span>Docentes Universidad Kennedy<\/span><\/h4><div class=\"accordion-content\"><p>Los docentes de la Universidad Argentina John F. Kennedy gozan de un 50% de descuento.<\/p>\n<div class=\"gdlr-shortcode-wrapper gdlr-row-shortcode\">\n<div class=\"four columns\">\n<div class=\"gdlr-item gdlr-column-shortcode\">\n<h3>Congreso<\/h3>\n<p>Hasta el 8\/4\/2016: $AR 650<\/p>\n<p>Hasta el 6\/5\/2016: $AR 750<\/p>\n<p>Hasta el 17\/5\/2016: $AR 900<\/p>\n<\/div>\n<\/div>\n<div class=\"eight columns\">\n<div class=\"gdlr-item gdlr-column-shortcode\">\n<h3>Congreso + Taller<\/h3>\n<p>Hasta el 8\/4\/2016: $AR 750<\/p>\n<p>Hasta el 6\/5\/2016: $AR 850<\/p>\n<p>Hasta el 17\/5\/2016: $AR 1.000<\/p>\n<\/div>\n<\/div>\n<div class=\"clear\"><\/div>\n<\/div>\n<\/div><\/div><div class=\"accordion-tab\" ><h4 class=\"accordion-title\" ><i class=\"icon-plus\" ><\/i><span>Extranjeros<\/span><\/h4><div class=\"accordion-content\"><div class=\"gdlr-shortcode-wrapper gdlr-row-shortcode\">\n<div class=\"four columns\">\n<div class=\"gdlr-item gdlr-column-shortcode\">\n<h3>Congreso<\/h3>\n<p>Hasta 17\/5\/2016: USD 180<\/p>\n<\/div>\n<\/div>\n<div class=\"eight columns\">\n<div class=\"gdlr-item gdlr-column-shortcode\">\n<h3>Congreso + Taller<\/h3>\n<p>Hasta 17\/5\/2016: USD 270<\/p>\n<\/div>\n<\/div>\n<div class=\"clear\"><\/div>\n<\/div>\n<\/div><\/div><\/div><\/div>\n<p><a href=\"#\" onclick=\"window.open('https:\/\/argentina.dineromail.com\/Carrito\/cart.asp?Comercio=3289270','Carrito','width=600,height=275,toolbar=no,location=no,status=no,menubar=no,resizable=yes,scrollbars=no,directories=no');\"><img src=\"http:\/\/www.equipo-imca.com.ar\/congreso2016\/wp-content\/themes\/thekeynote-child\/images\/carrito-ver.jpg\" border=\"0\"><\/a><\/p>\n","protected":false},"excerpt":{"rendered":"<p>Pagos Offline \u00bfDesea abonar en efectivo o mediante transferencia o dep\u00f3sito bancario?: Ingrese aqu\u00ed Pagos Online Seleccione el tipo de inscripci\u00f3n y agregue al carro de compras la cantidad necesaria de inscripciones. Luego, proceda al pago mediante la plataforma de DineroMail.<\/p>\n","protected":false},"author":1,"featured_media":0,"parent":0,"menu_order":0,"comment_status":"closed","ping_status":"closed","template":"","meta":[],"yoast_head":"<!-- This site is optimized with the Yoast SEO plugin v17.0 - https:\/\/yoast.com\/wordpress\/plugins\/seo\/ -->\n<title>Inscripci\u00f3n - IV Congreso Internacional de Abordaje de Conflictos<\/title>\n<meta name=\"robots\" content=\"index, follow, max-snippet:-1, max-image-preview:large, max-video-preview:-1\" \/>\n<link rel=\"canonical\" href=\"http:\/\/www.equipo-imca.com.ar\/congreso2016\/inscripcion\/\" \/>\n<meta property=\"og:locale\" content=\"es_ES\" \/>\n<meta property=\"og:type\" content=\"article\" \/>\n<meta property=\"og:title\" content=\"Inscripci\u00f3n - IV Congreso Internacional de Abordaje de Conflictos\" \/>\n<meta property=\"og:description\" content=\"Pagos Offline \u00bfDesea abonar en efectivo o mediante transferencia o dep\u00f3sito bancario?: Ingrese aqu\u00ed Pagos Online Seleccione el tipo de inscripci\u00f3n y agregue al carro de compras la cantidad necesaria de inscripciones. Luego, proceda al pago mediante la plataforma de DineroMail.\" \/>\n<meta property=\"og:url\" content=\"http:\/\/www.equipo-imca.com.ar\/congreso2016\/inscripcion\/\" \/>\n<meta property=\"og:site_name\" content=\"IV Congreso Internacional de Abordaje de Conflictos\" \/>\n<meta property=\"article:modified_time\" content=\"2016-04-30T19:19:22+00:00\" \/>\n<meta property=\"og:image\" content=\"http:\/\/www.equipo-imca.com.ar\/congreso2016\/wp-content\/themes\/thekeynote-child\/images\/carrito-ver.jpg\" \/>\n<meta name=\"twitter:card\" content=\"summary\" \/>\n<meta name=\"twitter:label1\" content=\"Tiempo de lectura\" \/>\n\t<meta name=\"twitter:data1\" content=\"3 minutos\" \/>\n<script type=\"application\/ld+json\" class=\"yoast-schema-graph\">{\"@context\":\"https:\/\/schema.org\",\"@graph\":[{\"@type\":\"WebSite\",\"@id\":\"http:\/\/www.equipo-imca.com.ar\/congreso2016\/#website\",\"url\":\"http:\/\/www.equipo-imca.com.ar\/congreso2016\/\",\"name\":\"IV Congreso Internacional de Abordaje de Conflictos\",\"description\":\"\\u201cVencer la indiferencia para lograr la Paz\\u201d\",\"potentialAction\":[{\"@type\":\"SearchAction\",\"target\":{\"@type\":\"EntryPoint\",\"urlTemplate\":\"http:\/\/www.equipo-imca.com.ar\/congreso2016\/?s={search_term_string}\"},\"query-input\":\"required name=search_term_string\"}],\"inLanguage\":\"es\"},{\"@type\":\"ImageObject\",\"@id\":\"http:\/\/www.equipo-imca.com.ar\/congreso2016\/inscripcion\/#primaryimage\",\"inLanguage\":\"es\",\"url\":\"http:\/\/www.equipo-imca.com.ar\/congreso2016\/wp-content\/themes\/thekeynote-child\/images\/carrito-ver.jpg\",\"contentUrl\":\"http:\/\/www.equipo-imca.com.ar\/congreso2016\/wp-content\/themes\/thekeynote-child\/images\/carrito-ver.jpg\"},{\"@type\":\"WebPage\",\"@id\":\"http:\/\/www.equipo-imca.com.ar\/congreso2016\/inscripcion\/#webpage\",\"url\":\"http:\/\/www.equipo-imca.com.ar\/congreso2016\/inscripcion\/\",\"name\":\"Inscripci\\u00f3n - IV Congreso Internacional de Abordaje de Conflictos\",\"isPartOf\":{\"@id\":\"http:\/\/www.equipo-imca.com.ar\/congreso2016\/#website\"},\"primaryImageOfPage\":{\"@id\":\"http:\/\/www.equipo-imca.com.ar\/congreso2016\/inscripcion\/#primaryimage\"},\"datePublished\":\"2015-07-31T19:09:04+00:00\",\"dateModified\":\"2016-04-30T19:19:22+00:00\",\"breadcrumb\":{\"@id\":\"http:\/\/www.equipo-imca.com.ar\/congreso2016\/inscripcion\/#breadcrumb\"},\"inLanguage\":\"es\",\"potentialAction\":[{\"@type\":\"ReadAction\",\"target\":[\"http:\/\/www.equipo-imca.com.ar\/congreso2016\/inscripcion\/\"]}]},{\"@type\":\"BreadcrumbList\",\"@id\":\"http:\/\/www.equipo-imca.com.ar\/congreso2016\/inscripcion\/#breadcrumb\",\"itemListElement\":[{\"@type\":\"ListItem\",\"position\":1,\"name\":\"Portada\",\"item\":\"http:\/\/www.equipo-imca.com.ar\/congreso2016\/\"},{\"@type\":\"ListItem\",\"position\":2,\"name\":\"Inscripci\\u00f3n\"}]}]}<\/script>\n<!-- \/ Yoast SEO plugin. -->","yoast_head_json":{"title":"Inscripci\u00f3n - IV Congreso Internacional de Abordaje de Conflictos","robots":{"index":"index","follow":"follow","max-snippet":"max-snippet:-1","max-image-preview":"max-image-preview:large","max-video-preview":"max-video-preview:-1"},"canonical":"http:\/\/www.equipo-imca.com.ar\/congreso2016\/inscripcion\/","og_locale":"es_ES","og_type":"article","og_title":"Inscripci\u00f3n - IV Congreso Internacional de Abordaje de Conflictos","og_description":"Pagos Offline \u00bfDesea abonar en efectivo o mediante transferencia o dep\u00f3sito bancario?: Ingrese aqu\u00ed Pagos Online Seleccione el tipo de inscripci\u00f3n y agregue al carro de compras la cantidad necesaria de inscripciones. Luego, proceda al pago mediante la plataforma de DineroMail.","og_url":"http:\/\/www.equipo-imca.com.ar\/congreso2016\/inscripcion\/","og_site_name":"IV Congreso Internacional de Abordaje de Conflictos","article_modified_time":"2016-04-30T19:19:22+00:00","og_image":[{"url":"http:\/\/www.equipo-imca.com.ar\/congreso2016\/wp-content\/themes\/thekeynote-child\/images\/carrito-ver.jpg"}],"twitter_card":"summary","twitter_misc":{"Tiempo de lectura":"3 minutos"},"schema":{"@context":"https:\/\/schema.org","@graph":[{"@type":"WebSite","@id":"http:\/\/www.equipo-imca.com.ar\/congreso2016\/#website","url":"http:\/\/www.equipo-imca.com.ar\/congreso2016\/","name":"IV Congreso Internacional de Abordaje de Conflictos","description":"\u201cVencer la indiferencia para lograr la Paz\u201d","potentialAction":[{"@type":"SearchAction","target":{"@type":"EntryPoint","urlTemplate":"http:\/\/www.equipo-imca.com.ar\/congreso2016\/?s={search_term_string}"},"query-input":"required name=search_term_string"}],"inLanguage":"es"},{"@type":"ImageObject","@id":"http:\/\/www.equipo-imca.com.ar\/congreso2016\/inscripcion\/#primaryimage","inLanguage":"es","url":"http:\/\/www.equipo-imca.com.ar\/congreso2016\/wp-content\/themes\/thekeynote-child\/images\/carrito-ver.jpg","contentUrl":"http:\/\/www.equipo-imca.com.ar\/congreso2016\/wp-content\/themes\/thekeynote-child\/images\/carrito-ver.jpg"},{"@type":"WebPage","@id":"http:\/\/www.equipo-imca.com.ar\/congreso2016\/inscripcion\/#webpage","url":"http:\/\/www.equipo-imca.com.ar\/congreso2016\/inscripcion\/","name":"Inscripci\u00f3n - IV Congreso Internacional de Abordaje de Conflictos","isPartOf":{"@id":"http:\/\/www.equipo-imca.com.ar\/congreso2016\/#website"},"primaryImageOfPage":{"@id":"http:\/\/www.equipo-imca.com.ar\/congreso2016\/inscripcion\/#primaryimage"},"datePublished":"2015-07-31T19:09:04+00:00","dateModified":"2016-04-30T19:19:22+00:00","breadcrumb":{"@id":"http:\/\/www.equipo-imca.com.ar\/congreso2016\/inscripcion\/#breadcrumb"},"inLanguage":"es","potentialAction":[{"@type":"ReadAction","target":["http:\/\/www.equipo-imca.com.ar\/congreso2016\/inscripcion\/"]}]},{"@type":"BreadcrumbList","@id":"http:\/\/www.equipo-imca.com.ar\/congreso2016\/inscripcion\/#breadcrumb","itemListElement":[{"@type":"ListItem","position":1,"name":"Portada","item":"http:\/\/www.equipo-imca.com.ar\/congreso2016\/"},{"@type":"ListItem","position":2,"name":"Inscripci\u00f3n"}]}]}},"_links":{"self":[{"href":"http:\/\/www.equipo-imca.com.ar\/congreso2016\/wp-json\/wp\/v2\/pages\/260"}],"collection":[{"href":"http:\/\/www.equipo-imca.com.ar\/congreso2016\/wp-json\/wp\/v2\/pages"}],"about":[{"href":"http:\/\/www.equipo-imca.com.ar\/congreso2016\/wp-json\/wp\/v2\/types\/page"}],"author":[{"embeddable":true,"href":"http:\/\/www.equipo-imca.com.ar\/congreso2016\/wp-json\/wp\/v2\/users\/1"}],"replies":[{"embeddable":true,"href":"http:\/\/www.equipo-imca.com.ar\/congreso2016\/wp-json\/wp\/v2\/comments?post=260"}],"version-history":[{"count":10,"href":"http:\/\/www.equipo-imca.com.ar\/congreso2016\/wp-json\/wp\/v2\/pages\/260\/revisions"}],"predecessor-version":[{"id":637,"href":"http:\/\/www.equipo-imca.com.ar\/congreso2016\/wp-json\/wp\/v2\/pages\/260\/revisions\/637"}],"wp:attachment":[{"href":"http:\/\/www.equipo-imca.com.ar\/congreso2016\/wp-json\/wp\/v2\/media?parent=260"}],"curies":[{"name":"wp","href":"https:\/\/api.w.org\/{rel}","templated":true}]}}