{"id":717,"date":"2016-05-18T14:52:43","date_gmt":"2016-05-18T17:52:43","guid":{"rendered":"http:\/\/www.equipo-imca.com.ar\/congreso2016\/?page_id=717"},"modified":"2016-05-18T14:52:43","modified_gmt":"2016-05-18T17:52:43","slug":"reglamento-presentacion-ponencias","status":"publish","type":"page","link":"http:\/\/www.equipo-imca.com.ar\/congreso2016\/ponencias\/reglamento-presentacion-ponencias\/","title":{"rendered":"Reglamento"},"content":{"rendered":"<h3>Reglamento para Presentaci\u00f3n de Ponencias<\/h3>\n<p>En el marco del IV Congreso Internacional de Abordaje de Conflictos\u00a0 \u201cVencer la Indiferencia para lograr la Paz\u201d, a realizarse los d\u00edas 18, 19 y 20 de Mayo de 2016 en la Universidad Kennedy de la Ciudad Aut\u00f3noma de Buenos Aires, sede de la calle Parral 221, se abre la posibilidad de presentaci\u00f3n de ponencias relacionadas con los \u00a0temas centrales que se desarrollar\u00e1n en los distintos paneles.<\/p>\n<p>La presentaci\u00f3n de ponencias se regir\u00e1 por el siguiente Reglamento:<\/p>\n<p><strong>PRIMERO<\/strong>: Toda aquella persona interesada en presentar una ponencia deber\u00e1 acreditar \u00a0previamente su inscripci\u00f3n en el Congreso. A tal fin, deber\u00e1 enviar conjuntamente con la ponencia, copia del dep\u00f3sito o constancia y\/o recibo de pago que acredite la efectiva inscripci\u00f3n en el mismo de todos aquellos que\u00a0 participen en la elaboraci\u00f3n de la ponencia. La no acreditaci\u00f3n de la inscripci\u00f3n al congreso har\u00e1 que la misma se tenga por no presentada.<\/p>\n<p><strong>SEGUNDO<\/strong>: Cada ponencia podr\u00e1 tener como m\u00e1ximo tres autores, pudiendo s\u00f3lo uno de \u00a0ellos actuar como relator de la misma. El tiempo de exposici\u00f3n se ajustar\u00e1 de acuerdo a la cantidad de ponencias seleccionadas.<\/p>\n<p><strong>TERCERO<\/strong>: La fecha l\u00edmite de presentaci\u00f3n de las ponencias ser\u00e1 la del \u00a010 de Abril de 2016. Las mismas deber\u00e1n ser enviadas por correo electr\u00f3nico y se tomar\u00e1 como fecha de presentaci\u00f3n la de su env\u00edo por dicho medio. Las ponencias deber\u00e1n ser enviadas a los siguientes correos: info@equipo-imca.com.ar con copia a dra.veronicapino@gmail.com<br \/>\nUna vez recibida la ponencia se acusar\u00e1 recibo por el mismo medio.<\/p>\n<p><strong>CUARTO<\/strong>: Las ponencias tendr\u00e1n una extensi\u00f3n m\u00e1xima de diez carillas y se presentar\u00e1n escritas en formato Word, letra Verdana, tama\u00f1o 12, utilizando may\u00fasculas solamente para la primera letra de cada oraci\u00f3n; en hoja tama\u00f1o A4, m\u00e1rgenes superior, inferior, izquierdo y derecho 2cm, sin ning\u00fan formato especial; interlineado 1,5. Los trabajos que se presenten y que no respeten el formato exigido por este reglamento, se tendr\u00e1n por no presentados. Las ponencias deber\u00e1n presentarse escritas en idioma castellano.<\/p>\n<p><strong>QUINTO<\/strong>: Las ponencias deber\u00e1n estar relacionadas con los \u00a0temas centrales que se desarrollar\u00e1n en los distintos paneles:<\/p>\n<p><em>\u201cProcesos de Paz en sociedades desbordadas\u201d<\/em><br \/>\n<em>\u201cUnidad desde la diversidad\u201d<\/em><br \/>\n<em>\u201cV\u00edctimas, victimarios y seguridad ciudadana\u201d<\/em><br \/>\n<em>\u201cDi\u00e1logo, mediaci\u00f3n y derechos humanos\u201d<\/em><br \/>\n<em>\u201cReflexiones sobre el conflicto y la paz\u201d<\/em><br \/>\n<em>\u201cCompromiso o indiferencia\u201d<\/em><br \/>\n<em>\u201cLa indiferencia en los centros\u00a0 educativos\u201d<\/em><br \/>\n<em>\u201cAbordaje de conflictos en contextos vulnerables\u201d<\/em><\/p>\n<p><strong>SEXTO<\/strong>: Cada ponencia deber\u00e1 ser \u00a0encabezada con el t\u00edtulo del tema a desarrollar y un \u00a0resumen o abstract que no deber\u00e1 exceder de media carilla, en el que se expondr\u00e1 en forma propositiva las conclusiones que se recomiendan. Luego se desarrollar\u00e1 el trabajo, el cual deber\u00e1 ser in\u00e9dito y creativo. Al final del trabajo se deber\u00e1 consignar: nombre y apellido de\/las personas que realizaron el mismo, lugar de residencia, profesi\u00f3n, \u00a0el nombre del relator que expondr\u00e1 en el congreso, \u00a0un domicilio postal, un tel\u00e9fono de contacto y el correo electr\u00f3nico en donde se desee recibir las futuras notificaciones.<\/p>\n<p><strong>S\u00c9PTIMO<\/strong>: La bibliograf\u00eda utilizada deber\u00e1 ser consignada por orden alfab\u00e9tico, as\u00ed como las revistas t\u00e9cnicas y direcciones de Internet a las que se hicieran referencia.&#8212;<\/p>\n<p><strong>OCTAVO<\/strong>: Los trabajos presentados ser\u00e1n analizados por el Comit\u00e9 Cient\u00edfico, el que se expedir\u00e1 sobre su admisi\u00f3n, evaluaci\u00f3n y selecci\u00f3n para la exposici\u00f3n en el Congreso. Se deja constancia que respecto de las ponencias seleccionadas, Equipo IMCA se reserva el derecho de publicarlas, eventualmente, en la revista El Acuerdo. Asimismo, se reserva el derecho de su publicaci\u00f3n para su posterior entrega a los asistentes al congreso.<\/p>\n<p>La aprobaci\u00f3n de las ponencias por parte del Comit\u00e9 Cient\u00edfico para su exposici\u00f3n en el Congreso,\u00a0 se dar\u00e1 a conocer mediante el env\u00edo de un correo electr\u00f3nico dirigido al presentante con una antelaci\u00f3n de diez d\u00edas h\u00e1biles a la realizaci\u00f3n del evento.<\/p>\n<p><strong>NOVENO<\/strong>: Se entregar\u00e1 un certificado que acredite la calidad de ponente en el IV Congreso Internacional de Abordaje de Conflicto,\u00a0 a quienes hayan participado de la elaboraci\u00f3n y presentaci\u00f3n de la ponencia y acrediten los requisitos solicitados por el presente reglamento.<\/p>\n<a class=\"gdlr-button medium\" href=\"http:\/\/www.equipo-imca.com.ar\/congreso2016\/wp-content\/uploads\/2015\/06\/Reglamento-ponencias.pdf\" target=\"_blank\"  style=\"color:#ffffff; background-color:#f62b0a; \"  >Descargar Reglamento<\/a>\n","protected":false},"excerpt":{"rendered":"<p>Reglamento para Presentaci\u00f3n de Ponencias En el marco del IV Congreso Internacional de Abordaje de Conflictos\u00a0 \u201cVencer la Indiferencia para lograr la Paz\u201d, a realizarse los d\u00edas 18, 19 y 20 de Mayo de 2016 en la Universidad Kennedy de la Ciudad Aut\u00f3noma de Buenos Aires, sede de la calle Parral 221, se abre la&#8230; <\/p>\n<div class=\"clear\"><\/div>\n<p><a href=\"http:\/\/www.equipo-imca.com.ar\/congreso2016\/ponencias\/reglamento-presentacion-ponencias\/\" class=\"gdlr-info-font excerpt-read-more\">Leer M\u00e1s<\/a><\/p>\n","protected":false},"author":1,"featured_media":0,"parent":195,"menu_order":0,"comment_status":"closed","ping_status":"closed","template":"","meta":[],"yoast_head":"<!-- This site is optimized with the Yoast SEO plugin v17.0 - https:\/\/yoast.com\/wordpress\/plugins\/seo\/ -->\n<title>Reglamento - IV Congreso Internacional de Abordaje de Conflictos<\/title>\n<meta name=\"robots\" content=\"index, follow, max-snippet:-1, max-image-preview:large, max-video-preview:-1\" \/>\n<link rel=\"canonical\" href=\"http:\/\/www.equipo-imca.com.ar\/congreso2016\/ponencias\/reglamento-presentacion-ponencias\/\" \/>\n<meta property=\"og:locale\" content=\"es_ES\" \/>\n<meta property=\"og:type\" content=\"article\" \/>\n<meta property=\"og:title\" content=\"Reglamento - IV Congreso Internacional de Abordaje de Conflictos\" \/>\n<meta property=\"og:description\" content=\"Reglamento para Presentaci\u00f3n de Ponencias En el marco del IV Congreso Internacional de Abordaje de Conflictos\u00a0 \u201cVencer la Indiferencia para lograr la Paz\u201d, a realizarse los d\u00edas 18, 19 y 20 de Mayo de 2016 en la Universidad Kennedy de la Ciudad Aut\u00f3noma de Buenos Aires, sede de la calle Parral 221, se abre la... Leer M\u00e1s\" \/>\n<meta property=\"og:url\" content=\"http:\/\/www.equipo-imca.com.ar\/congreso2016\/ponencias\/reglamento-presentacion-ponencias\/\" \/>\n<meta property=\"og:site_name\" content=\"IV Congreso Internacional de Abordaje de Conflictos\" \/>\n<meta name=\"twitter:card\" content=\"summary\" \/>\n<meta name=\"twitter:label1\" content=\"Tiempo de lectura\" \/>\n\t<meta name=\"twitter:data1\" content=\"4 minutos\" \/>\n<script type=\"application\/ld+json\" class=\"yoast-schema-graph\">{\"@context\":\"https:\/\/schema.org\",\"@graph\":[{\"@type\":\"WebSite\",\"@id\":\"http:\/\/www.equipo-imca.com.ar\/congreso2016\/#website\",\"url\":\"http:\/\/www.equipo-imca.com.ar\/congreso2016\/\",\"name\":\"IV Congreso Internacional de Abordaje de Conflictos\",\"description\":\"\\u201cVencer la indiferencia para lograr la Paz\\u201d\",\"potentialAction\":[{\"@type\":\"SearchAction\",\"target\":{\"@type\":\"EntryPoint\",\"urlTemplate\":\"http:\/\/www.equipo-imca.com.ar\/congreso2016\/?s={search_term_string}\"},\"query-input\":\"required name=search_term_string\"}],\"inLanguage\":\"es\"},{\"@type\":\"WebPage\",\"@id\":\"http:\/\/www.equipo-imca.com.ar\/congreso2016\/ponencias\/reglamento-presentacion-ponencias\/#webpage\",\"url\":\"http:\/\/www.equipo-imca.com.ar\/congreso2016\/ponencias\/reglamento-presentacion-ponencias\/\",\"name\":\"Reglamento - IV Congreso Internacional de Abordaje de Conflictos\",\"isPartOf\":{\"@id\":\"http:\/\/www.equipo-imca.com.ar\/congreso2016\/#website\"},\"datePublished\":\"2016-05-18T17:52:43+00:00\",\"dateModified\":\"2016-05-18T17:52:43+00:00\",\"breadcrumb\":{\"@id\":\"http:\/\/www.equipo-imca.com.ar\/congreso2016\/ponencias\/reglamento-presentacion-ponencias\/#breadcrumb\"},\"inLanguage\":\"es\",\"potentialAction\":[{\"@type\":\"ReadAction\",\"target\":[\"http:\/\/www.equipo-imca.com.ar\/congreso2016\/ponencias\/reglamento-presentacion-ponencias\/\"]}]},{\"@type\":\"BreadcrumbList\",\"@id\":\"http:\/\/www.equipo-imca.com.ar\/congreso2016\/ponencias\/reglamento-presentacion-ponencias\/#breadcrumb\",\"itemListElement\":[{\"@type\":\"ListItem\",\"position\":1,\"name\":\"Portada\",\"item\":\"http:\/\/www.equipo-imca.com.ar\/congreso2016\/\"},{\"@type\":\"ListItem\",\"position\":2,\"name\":\"Ponencias\",\"item\":\"http:\/\/www.equipo-imca.com.ar\/congreso2016\/ponencias\/\"},{\"@type\":\"ListItem\",\"position\":3,\"name\":\"Reglamento\"}]}]}<\/script>\n<!-- \/ Yoast SEO plugin. -->","yoast_head_json":{"title":"Reglamento - IV Congreso Internacional de Abordaje de Conflictos","robots":{"index":"index","follow":"follow","max-snippet":"max-snippet:-1","max-image-preview":"max-image-preview:large","max-video-preview":"max-video-preview:-1"},"canonical":"http:\/\/www.equipo-imca.com.ar\/congreso2016\/ponencias\/reglamento-presentacion-ponencias\/","og_locale":"es_ES","og_type":"article","og_title":"Reglamento - IV Congreso Internacional de Abordaje de Conflictos","og_description":"Reglamento para Presentaci\u00f3n de Ponencias En el marco del IV Congreso Internacional de Abordaje de Conflictos\u00a0 \u201cVencer la Indiferencia para lograr la Paz\u201d, a realizarse los d\u00edas 18, 19 y 20 de Mayo de 2016 en la Universidad Kennedy de la Ciudad Aut\u00f3noma de Buenos Aires, sede de la calle Parral 221, se abre la... Leer M\u00e1s","og_url":"http:\/\/www.equipo-imca.com.ar\/congreso2016\/ponencias\/reglamento-presentacion-ponencias\/","og_site_name":"IV Congreso Internacional de Abordaje de Conflictos","twitter_card":"summary","twitter_misc":{"Tiempo de lectura":"4 minutos"},"schema":{"@context":"https:\/\/schema.org","@graph":[{"@type":"WebSite","@id":"http:\/\/www.equipo-imca.com.ar\/congreso2016\/#website","url":"http:\/\/www.equipo-imca.com.ar\/congreso2016\/","name":"IV Congreso Internacional de Abordaje de Conflictos","description":"\u201cVencer la indiferencia para lograr la Paz\u201d","potentialAction":[{"@type":"SearchAction","target":{"@type":"EntryPoint","urlTemplate":"http:\/\/www.equipo-imca.com.ar\/congreso2016\/?s={search_term_string}"},"query-input":"required name=search_term_string"}],"inLanguage":"es"},{"@type":"WebPage","@id":"http:\/\/www.equipo-imca.com.ar\/congreso2016\/ponencias\/reglamento-presentacion-ponencias\/#webpage","url":"http:\/\/www.equipo-imca.com.ar\/congreso2016\/ponencias\/reglamento-presentacion-ponencias\/","name":"Reglamento - IV Congreso Internacional de Abordaje de Conflictos","isPartOf":{"@id":"http:\/\/www.equipo-imca.com.ar\/congreso2016\/#website"},"datePublished":"2016-05-18T17:52:43+00:00","dateModified":"2016-05-18T17:52:43+00:00","breadcrumb":{"@id":"http:\/\/www.equipo-imca.com.ar\/congreso2016\/ponencias\/reglamento-presentacion-ponencias\/#breadcrumb"},"inLanguage":"es","potentialAction":[{"@type":"ReadAction","target":["http:\/\/www.equipo-imca.com.ar\/congreso2016\/ponencias\/reglamento-presentacion-ponencias\/"]}]},{"@type":"BreadcrumbList","@id":"http:\/\/www.equipo-imca.com.ar\/congreso2016\/ponencias\/reglamento-presentacion-ponencias\/#breadcrumb","itemListElement":[{"@type":"ListItem","position":1,"name":"Portada","item":"http:\/\/www.equipo-imca.com.ar\/congreso2016\/"},{"@type":"ListItem","position":2,"name":"Ponencias","item":"http:\/\/www.equipo-imca.com.ar\/congreso2016\/ponencias\/"},{"@type":"ListItem","position":3,"name":"Reglamento"}]}]}},"_links":{"self":[{"href":"http:\/\/www.equipo-imca.com.ar\/congreso2016\/wp-json\/wp\/v2\/pages\/717"}],"collection":[{"href":"http:\/\/www.equipo-imca.com.ar\/congreso2016\/wp-json\/wp\/v2\/pages"}],"about":[{"href":"http:\/\/www.equipo-imca.com.ar\/congreso2016\/wp-json\/wp\/v2\/types\/page"}],"author":[{"embeddable":true,"href":"http:\/\/www.equipo-imca.com.ar\/congreso2016\/wp-json\/wp\/v2\/users\/1"}],"replies":[{"embeddable":true,"href":"http:\/\/www.equipo-imca.com.ar\/congreso2016\/wp-json\/wp\/v2\/comments?post=717"}],"version-history":[{"count":1,"href":"http:\/\/www.equipo-imca.com.ar\/congreso2016\/wp-json\/wp\/v2\/pages\/717\/revisions"}],"predecessor-version":[{"id":718,"href":"http:\/\/www.equipo-imca.com.ar\/congreso2016\/wp-json\/wp\/v2\/pages\/717\/revisions\/718"}],"up":[{"embeddable":true,"href":"http:\/\/www.equipo-imca.com.ar\/congreso2016\/wp-json\/wp\/v2\/pages\/195"}],"wp:attachment":[{"href":"http:\/\/www.equipo-imca.com.ar\/congreso2016\/wp-json\/wp\/v2\/media?parent=717"}],"curies":[{"name":"wp","href":"https:\/\/api.w.org\/{rel}","templated":true}]}}