{"id":96,"date":"2015-06-10T00:48:12","date_gmt":"2015-06-10T03:48:12","guid":{"rendered":"http:\/\/equipo-imca.com.ar\/congreso2015\/?page_id=96"},"modified":"2016-03-11T21:54:12","modified_gmt":"2016-03-12T00:54:12","slug":"objetivos","status":"publish","type":"page","link":"http:\/\/www.equipo-imca.com.ar\/congreso2016\/objetivos\/","title":{"rendered":"Objetivos"},"content":{"rendered":"<p>El objetivo del Congreso es reflexionar y transitar los caminos que se abren hacia la construcci\u00f3n de la Paz, estimulando a particulares e instituciones p\u00fablicas y privadas a gestionar el abordaje de los conflictos desde una perspectiva de respeto e inclusi\u00f3n, con esp\u00edritu solidario.<\/p>\n<p>El mismo es Internacional, por lo cual se aportar\u00e1 una visi\u00f3n de conflictos universales, intercambiando y compartiendo experiencias desarrolladas en distintas latitudes, buscando el enriquecimiento mutuo.<\/p>\n<p>Se tratar\u00e1n temas de inter\u00e9s general, con incidencia directa en la prevenci\u00f3n de conflictos y en la preparaci\u00f3n de actores sociales que puedan influir en sus comunidades instaurando la necesidad y la aspiraci\u00f3n de una convivencia pac\u00edfica.<\/p>\n<p>Se propiciar\u00e1 la reflexi\u00f3n interdisciplinar sobre el abordaje de conflictos, con el objeto de ayudar a comprender las enormes posibilidades de su prevenci\u00f3n y las distintas facetas que presenta el mismo para una eficaz y pac\u00edfica resoluci\u00f3n.<\/p>\n<p>Se aspira a brindar una tem\u00e1tica de actualidad que constituya un aporte concreto para todos aquellos que est\u00e9n interesados en operar sobre los conflictos y lograr una convivencia en Paz.<\/p>\n<p>Se har\u00e1 un aporte concreto desde diversas problem\u00e1ticas que nos aquejan, para que la investigaci\u00f3n y la experiencia acumulada por los expertos pueda ser trasladada a la comunidad y beneficiarse de ella todos los ciudadanos que quieran vivir en Paz.<\/p>\n","protected":false},"excerpt":{"rendered":"<p>El objetivo del Congreso es reflexionar y transitar los caminos que se abren hacia la construcci\u00f3n de la Paz, estimulando a particulares e instituciones p\u00fablicas y privadas a gestionar el abordaje de los conflictos desde una perspectiva de respeto e inclusi\u00f3n, con esp\u00edritu solidario. El mismo es Internacional, por lo cual se aportar\u00e1 una visi\u00f3n&#8230; <\/p>\n<div class=\"clear\"><\/div>\n<p><a href=\"http:\/\/www.equipo-imca.com.ar\/congreso2016\/objetivos\/\" class=\"gdlr-info-font excerpt-read-more\">Leer M\u00e1s<\/a><\/p>\n","protected":false},"author":1,"featured_media":0,"parent":0,"menu_order":0,"comment_status":"closed","ping_status":"closed","template":"","meta":[],"yoast_head":"<!-- This site is optimized with the Yoast SEO plugin v17.0 - https:\/\/yoast.com\/wordpress\/plugins\/seo\/ -->\n<title>Objetivos - IV Congreso Internacional de Abordaje de Conflictos<\/title>\n<meta name=\"robots\" content=\"index, follow, max-snippet:-1, max-image-preview:large, max-video-preview:-1\" \/>\n<link rel=\"canonical\" href=\"http:\/\/www.equipo-imca.com.ar\/congreso2016\/objetivos\/\" \/>\n<meta property=\"og:locale\" content=\"es_ES\" \/>\n<meta property=\"og:type\" content=\"article\" \/>\n<meta property=\"og:title\" content=\"Objetivos - IV Congreso Internacional de Abordaje de Conflictos\" \/>\n<meta property=\"og:description\" content=\"El objetivo del Congreso es reflexionar y transitar los caminos que se abren hacia la construcci\u00f3n de la Paz, estimulando a particulares e instituciones p\u00fablicas y privadas a gestionar el abordaje de los conflictos desde una perspectiva de respeto e inclusi\u00f3n, con esp\u00edritu solidario. El mismo es Internacional, por lo cual se aportar\u00e1 una visi\u00f3n... Leer M\u00e1s\" \/>\n<meta property=\"og:url\" content=\"http:\/\/www.equipo-imca.com.ar\/congreso2016\/objetivos\/\" \/>\n<meta property=\"og:site_name\" content=\"IV Congreso Internacional de Abordaje de Conflictos\" \/>\n<meta property=\"article:modified_time\" content=\"2016-03-12T00:54:12+00:00\" \/>\n<meta name=\"twitter:card\" content=\"summary\" \/>\n<meta name=\"twitter:label1\" content=\"Tiempo de lectura\" \/>\n\t<meta name=\"twitter:data1\" content=\"1 minuto\" \/>\n<script type=\"application\/ld+json\" class=\"yoast-schema-graph\">{\"@context\":\"https:\/\/schema.org\",\"@graph\":[{\"@type\":\"WebSite\",\"@id\":\"http:\/\/www.equipo-imca.com.ar\/congreso2016\/#website\",\"url\":\"http:\/\/www.equipo-imca.com.ar\/congreso2016\/\",\"name\":\"IV Congreso Internacional de Abordaje de Conflictos\",\"description\":\"\\u201cVencer la indiferencia para lograr la Paz\\u201d\",\"potentialAction\":[{\"@type\":\"SearchAction\",\"target\":{\"@type\":\"EntryPoint\",\"urlTemplate\":\"http:\/\/www.equipo-imca.com.ar\/congreso2016\/?s={search_term_string}\"},\"query-input\":\"required name=search_term_string\"}],\"inLanguage\":\"es\"},{\"@type\":\"WebPage\",\"@id\":\"http:\/\/www.equipo-imca.com.ar\/congreso2016\/objetivos\/#webpage\",\"url\":\"http:\/\/www.equipo-imca.com.ar\/congreso2016\/objetivos\/\",\"name\":\"Objetivos - IV Congreso Internacional de Abordaje de Conflictos\",\"isPartOf\":{\"@id\":\"http:\/\/www.equipo-imca.com.ar\/congreso2016\/#website\"},\"datePublished\":\"2015-06-10T03:48:12+00:00\",\"dateModified\":\"2016-03-12T00:54:12+00:00\",\"breadcrumb\":{\"@id\":\"http:\/\/www.equipo-imca.com.ar\/congreso2016\/objetivos\/#breadcrumb\"},\"inLanguage\":\"es\",\"potentialAction\":[{\"@type\":\"ReadAction\",\"target\":[\"http:\/\/www.equipo-imca.com.ar\/congreso2016\/objetivos\/\"]}]},{\"@type\":\"BreadcrumbList\",\"@id\":\"http:\/\/www.equipo-imca.com.ar\/congreso2016\/objetivos\/#breadcrumb\",\"itemListElement\":[{\"@type\":\"ListItem\",\"position\":1,\"name\":\"Portada\",\"item\":\"http:\/\/www.equipo-imca.com.ar\/congreso2016\/\"},{\"@type\":\"ListItem\",\"position\":2,\"name\":\"Objetivos\"}]}]}<\/script>\n<!-- \/ Yoast SEO plugin. -->","yoast_head_json":{"title":"Objetivos - IV Congreso Internacional de Abordaje de Conflictos","robots":{"index":"index","follow":"follow","max-snippet":"max-snippet:-1","max-image-preview":"max-image-preview:large","max-video-preview":"max-video-preview:-1"},"canonical":"http:\/\/www.equipo-imca.com.ar\/congreso2016\/objetivos\/","og_locale":"es_ES","og_type":"article","og_title":"Objetivos - IV Congreso Internacional de Abordaje de Conflictos","og_description":"El objetivo del Congreso es reflexionar y transitar los caminos que se abren hacia la construcci\u00f3n de la Paz, estimulando a particulares e instituciones p\u00fablicas y privadas a gestionar el abordaje de los conflictos desde una perspectiva de respeto e inclusi\u00f3n, con esp\u00edritu solidario. El mismo es Internacional, por lo cual se aportar\u00e1 una visi\u00f3n... Leer M\u00e1s","og_url":"http:\/\/www.equipo-imca.com.ar\/congreso2016\/objetivos\/","og_site_name":"IV Congreso Internacional de Abordaje de Conflictos","article_modified_time":"2016-03-12T00:54:12+00:00","twitter_card":"summary","twitter_misc":{"Tiempo de lectura":"1 minuto"},"schema":{"@context":"https:\/\/schema.org","@graph":[{"@type":"WebSite","@id":"http:\/\/www.equipo-imca.com.ar\/congreso2016\/#website","url":"http:\/\/www.equipo-imca.com.ar\/congreso2016\/","name":"IV Congreso Internacional de Abordaje de Conflictos","description":"\u201cVencer la indiferencia para lograr la Paz\u201d","potentialAction":[{"@type":"SearchAction","target":{"@type":"EntryPoint","urlTemplate":"http:\/\/www.equipo-imca.com.ar\/congreso2016\/?s={search_term_string}"},"query-input":"required name=search_term_string"}],"inLanguage":"es"},{"@type":"WebPage","@id":"http:\/\/www.equipo-imca.com.ar\/congreso2016\/objetivos\/#webpage","url":"http:\/\/www.equipo-imca.com.ar\/congreso2016\/objetivos\/","name":"Objetivos - IV Congreso Internacional de Abordaje de Conflictos","isPartOf":{"@id":"http:\/\/www.equipo-imca.com.ar\/congreso2016\/#website"},"datePublished":"2015-06-10T03:48:12+00:00","dateModified":"2016-03-12T00:54:12+00:00","breadcrumb":{"@id":"http:\/\/www.equipo-imca.com.ar\/congreso2016\/objetivos\/#breadcrumb"},"inLanguage":"es","potentialAction":[{"@type":"ReadAction","target":["http:\/\/www.equipo-imca.com.ar\/congreso2016\/objetivos\/"]}]},{"@type":"BreadcrumbList","@id":"http:\/\/www.equipo-imca.com.ar\/congreso2016\/objetivos\/#breadcrumb","itemListElement":[{"@type":"ListItem","position":1,"name":"Portada","item":"http:\/\/www.equipo-imca.com.ar\/congreso2016\/"},{"@type":"ListItem","position":2,"name":"Objetivos"}]}]}},"_links":{"self":[{"href":"http:\/\/www.equipo-imca.com.ar\/congreso2016\/wp-json\/wp\/v2\/pages\/96"}],"collection":[{"href":"http:\/\/www.equipo-imca.com.ar\/congreso2016\/wp-json\/wp\/v2\/pages"}],"about":[{"href":"http:\/\/www.equipo-imca.com.ar\/congreso2016\/wp-json\/wp\/v2\/types\/page"}],"author":[{"embeddable":true,"href":"http:\/\/www.equipo-imca.com.ar\/congreso2016\/wp-json\/wp\/v2\/users\/1"}],"replies":[{"embeddable":true,"href":"http:\/\/www.equipo-imca.com.ar\/congreso2016\/wp-json\/wp\/v2\/comments?post=96"}],"version-history":[{"count":1,"href":"http:\/\/www.equipo-imca.com.ar\/congreso2016\/wp-json\/wp\/v2\/pages\/96\/revisions"}],"predecessor-version":[{"id":294,"href":"http:\/\/www.equipo-imca.com.ar\/congreso2016\/wp-json\/wp\/v2\/pages\/96\/revisions\/294"}],"wp:attachment":[{"href":"http:\/\/www.equipo-imca.com.ar\/congreso2016\/wp-json\/wp\/v2\/media?parent=96"}],"curies":[{"name":"wp","href":"https:\/\/api.w.org\/{rel}","templated":true}]}}