{"id":98,"date":"2015-06-10T00:54:59","date_gmt":"2015-06-10T03:54:59","guid":{"rendered":"http:\/\/equipo-imca.com.ar\/congreso2015\/?page_id=98"},"modified":"2016-03-14T01:40:36","modified_gmt":"2016-03-14T04:40:36","slug":"organizadores","status":"publish","type":"page","link":"http:\/\/www.equipo-imca.com.ar\/congreso2016\/organizadores\/","title":{"rendered":"Organizadores"},"content":{"rendered":"<h3>Equipo IMCA<\/h3>\n<p><strong>(Equipo Interdisciplinario de Mediaci\u00f3n, Conciliaci\u00f3n y Arbitraje)<\/strong><br \/>\n<a href=\"http:\/\/www.equipo-imca.com.ar\/\" target=\"_blank\">Equipo IMCA<\/a><\/p>\n<p><img loading=\"lazy\" class=\"alignleft size-full wp-image-283\" src=\"http:\/\/www.equipo-imca.com.ar\/congreso2016\/wp-content\/uploads\/2013\/11\/logo-equipo-imca.jpg\" alt=\"Equipo IMCA\" width=\"235\" height=\"52\" \/>Es una consultora interdisciplinaria de mediaci\u00f3n, conciliaci\u00f3n y arbitraje, integrada por profesionales de distintas disciplinas, que tiene por objeto promover un cambio de conducta en las relaciones humanas que permita acceder a una mejor calidad de vida. De este modo, pretende desarrollar espacios para instaurar la paz social, divulgando el conocimiento y utilizaci\u00f3n de los m\u00e9todos pac\u00edficos de los m\u00e9todos de prevenci\u00f3n, administraci\u00f3n y resoluci\u00f3n de conflictos; estimulando una actitud pacificadora; promoviendo una mirada diferente para mejorar las relaciones interpersonales y en el interior de las organizaciones, que e permitan al ser humano incrementar la creatividad, la persuasi\u00f3n y las habilidades en las comunicaciones, necesarias para un eficaz desempe\u00f1o de los roles sociales y abrir caminos hacia una mejor convivencia.<\/p>\n<div class=\"gdlr-shortcode-wrapper\"><div class=\"clear\"><\/div><div class=\"gdlr-item gdlr-divider-item\"  ><div class=\"gdlr-divider solid\"  style=\"width: 50%;\" ><\/div><\/div><\/div>\n<h3>Universidad Kennedy<\/h3>\n<p><img loading=\"lazy\" class=\"alignleft size-full wp-image-285\" src=\"http:\/\/www.equipo-imca.com.ar\/congreso2016\/wp-content\/uploads\/2013\/11\/logo-universidad-kennedy.jpg\" alt=\"Universidad Kennedy\" width=\"200\" height=\"60\" \/>La Universidad Argentina John F. Kennedy es una universidad privada, de las denominadas de primera generaci\u00f3n. El proyecto se inicia en 1960 y en 1964 comienza sus actividades, logrando el reconocimiento definitivo en 1981 por decreto n\u00ba 543 del Poder Ejecutivo Nacional.<\/p>\n<p>Su creaci\u00f3n no fue un acto azaroso ni tampoco fortuito. Fue una empresa espiritual que se impuso a las limitaciones originales, fundada en la labor de transformaci\u00f3n del hombre por los valores trascendentales. De inicio modesto, en cuanto a aspectos materiales se refiere, la universidad concit\u00f3 desde sus comienzos a un grupo excepcional de intelectuales entre los que se destac\u00f3 como figura central y por muchos a\u00f1os don Miguel Herrera Figueroa como su Rector, por el esfuerzo y el talento de su liderazgo junto con su producci\u00f3n intelectual.<\/p>\n<p>Con el nombre de la Universidad no hay equ\u00edvocos. \u201cArgentina\u201d por pensarla al servicio del pa\u00eds; \u201cJohn F. Kennedy\u201d, porque as\u00ed como el Presidente hab\u00eda llevado a graduados de las mejores universidades de su pa\u00eds a cooperar en su gobierno, se pensaba que esta naciente instituci\u00f3n podr\u00eda crear universitarios capaces de transformar la patria, el Estado y la comunidad, al tiempo que la cooperaci\u00f3n entre los pa\u00edses del continente comenzaba a perfilar su importancia.<\/p>\n<p>Su emblema: \u201cTrinus et unus. Vita, spiritus et societas\u201d es la manifestaci\u00f3n de una instituci\u00f3n que busca en forma din\u00e1mica mantener un equilibrio de esfuerzos en la formaci\u00f3n de la persona en sus dimensiones vital, espiritual y valorativa a trav\u00e9s del cumplimiento de las tres misiones esenciales: Investigar, Ense\u00f1ar y Servir a la Comunidad.<\/p>\n<div class=\"gdlr-shortcode-wrapper\"><div class=\"clear\"><\/div><div class=\"gdlr-item gdlr-divider-item\"  ><div class=\"gdlr-divider solid\"  style=\"width: 50%;\" ><\/div><\/div><\/div>\n<h3>ACR<\/h3>\n<p><strong>(Association for Conflict Resolution)<\/strong><br \/>\n<a href=\"http:\/\/www.acrnet.org\/\" target=\"_blank\">ACR<\/a><\/p>\n<p><img loading=\"lazy\" class=\"alignleft size-full wp-image-286\" src=\"http:\/\/www.equipo-imca.com.ar\/congreso2016\/wp-content\/uploads\/2013\/11\/logo-acr.jpg\" alt=\"Association for Conflict Resolution\" width=\"181\" height=\"60\" \/>La asociaci\u00f3n de Resoluci\u00f3n de Conflictos es una organizaci\u00f3n multicultural, multidisciplinaria de Estados Unidos, con sede en Washington, que se dedica a mejorar la pr\u00e1ctica y la comprensi\u00f3n p\u00fablica de la Resoluci\u00f3n de Conflictos. Es una Asociaci\u00f3n profesional que aglutina a los mediadores, \u00e1rbitros, educadores y otros profesionales de la resoluci\u00f3n alternativa de conflictos. Adem\u00e1s la ACR se dedica como instituci\u00f3n a apoyar y mejorar el campo de la resoluci\u00f3n de conflictos mediante conferencias y talleres que se dictan dentro de Estados Unidos y en otros lugares del mundo.<br \/>\nLa Asociaci\u00f3n para la Resoluci\u00f3n de Conflictos, Inc. (ACR), se form\u00f3 en 2001 de la fusion de la Academy of Family Mediators (\u201cAFM\u201d); the Conflict Resolution Education Network (\u201cCREnet\u201d), the successor organization to the National Institute for Dispute Resolution (\u201cNIDR\u201d); and the Society of Professionals in Dispute Resolution, Inc. (\u201cSPIDR\u201d).<\/p>\n<div class=\"gdlr-shortcode-wrapper\"><div class=\"clear\"><\/div><div class=\"gdlr-item gdlr-divider-item\"  ><div class=\"gdlr-divider solid\"  style=\"width: 50%;\" ><\/div><\/div><\/div>\n<h3>Mediuc<\/h3>\n<p><strong>Centro de Mediaci\u00f3n de la Universidad Cat\u00f3lica de Paraguay)<\/strong><br \/>\n<img loading=\"lazy\" class=\"alignleft size-full wp-image-287\" src=\"http:\/\/www.equipo-imca.com.ar\/congreso2016\/wp-content\/uploads\/2013\/11\/logo-mediuc.jpg\" alt=\"Mediuc\" width=\"127\" height=\"94\" \/>Mediuc fue creado en fecha 29 de abril de 1999 por acta emanada del\u00a0 Consejo de la Facultad de Ciencias Jur\u00eddicas y Diplom\u00e1ticas de la Universidad Cat\u00f3lica Nuestra Se\u00f1ora de la Asunci\u00f3n dependiente de la c\u00e1tedra de Derecho Procesal Civil y Comercial del 5to. Curso de la mencionada Facultad. Y en el a\u00f1o 2005, el Centro pas\u00f3 a depender\u00a0 del Rectorado de la Universidad Cat\u00f3lica Nuestra Se\u00f1ora de la Asunci\u00f3n.<\/p>\n<p>Son sus funciones, entre otras: Difundir y promocionar la utilizaci\u00f3n de los medios alternativos de resoluci\u00f3n de conflictos; asistir y acompa\u00f1ar al consumidor\u00a0 y usuario en el conocimiento, ejercicio de sus derechos y obligaciones; concientizar, educar y participar en la resoluci\u00f3n de conflictos ambientales; impulsar el desarrollo y estudio de los RAD en las diversas Universidades, priorizando las Facultades de la\u00a0 Universidad Cat\u00f3lica Nuestra Se\u00f1ora de la Asunci\u00f3n.<\/p>\n<div class=\"gdlr-shortcode-wrapper\"><div class=\"clear\"><\/div><div class=\"gdlr-item gdlr-divider-item\"  ><div class=\"gdlr-divider solid\"  style=\"width: 50%;\" ><\/div><\/div><\/div>\n<h3>MEDES<\/h3>\n<p>(Asociaci\u00f3n Nacional de Mediaci\u00f3n y Solidaridad por la Familia y la Comunidad, organizaci\u00f3n italiana.)<br \/>\n<img loading=\"lazy\" class=\"alignleft size-full wp-image-288\" src=\"http:\/\/www.equipo-imca.com.ar\/congreso2016\/wp-content\/uploads\/2013\/11\/logo-medes.jpg\" alt=\"MEDeS\" width=\"168\" height=\"49\" \/>MEDES es el acr\u00f3nimo de la asociaci\u00f3n nacional de mediaci\u00f3n y de solidaridad para la familia y la comunidad, fundada en Italia en\u00a0 2006 por un grupo de mediadores. Esta asociaci\u00f3n fue creada como resultado de un Master universitario de dos a\u00f1os de duraci\u00f3n, dictado en la Universidad Cat\u00f3lica de Mil\u00e1n.<br \/>\nPor\u00a0 primera vez en Italia mediadores de familia y de comunidad decidieron actuar juntos en un mismo proyecto asociativo.<\/p>\n<p>En Medes\u00a0 existe una fuerte idea compartida: crear y activar a nivel nacional e internacional una red de mediadores y de otros profesionales que se reconocen y quieren trabajar para promover y difundir la nueva cultura de las buenas praxis de la mediaci\u00f3n.<\/p>\n<p>En un tiempo globalmente dif\u00edcil, en el cual la conflictividad difundida parece permanente, la mediaci\u00f3n representa para la sociedad y para Medes un desaf\u00edo y una oportunidad: desaf\u00edo a la l\u00f3gica del conflicto y oportunidad para contener los efectos disgregantes de \u00e9l. La mediaci\u00f3n sin duda es un instrumento que constituye la respuesta \u00fatil y concreta para la convivencia social.<br \/>\nMedes trabaja para una nueva cultura de la libertad, de la asunci\u00f3n de responsabilidades en una perspectiva del cuidado y de la tutela del valor de los v\u00ednculos familiares y sociales.<br \/>\nEsta\u00a0 nueva manera de pensar y actuar\u00a0 tiene como \u00faltima finalidad el bienestar de la sociedad y la construcci\u00f3n de la paz.<\/p>\n","protected":false},"excerpt":{"rendered":"<p>Equipo IMCA (Equipo Interdisciplinario de Mediaci\u00f3n, Conciliaci\u00f3n y Arbitraje) Equipo IMCA Es una consultora interdisciplinaria de mediaci\u00f3n, conciliaci\u00f3n y arbitraje, integrada por profesionales de distintas disciplinas, que tiene por objeto promover un cambio de conducta en las relaciones humanas que permita acceder a una mejor calidad de vida. De este modo, pretende desarrollar espacios para&#8230; <\/p>\n<div class=\"clear\"><\/div>\n<p><a href=\"http:\/\/www.equipo-imca.com.ar\/congreso2016\/organizadores\/\" class=\"gdlr-info-font excerpt-read-more\">Leer M\u00e1s<\/a><\/p>\n","protected":false},"author":1,"featured_media":0,"parent":0,"menu_order":0,"comment_status":"closed","ping_status":"closed","template":"","meta":[],"yoast_head":"<!-- This site is optimized with the Yoast SEO plugin v17.0 - https:\/\/yoast.com\/wordpress\/plugins\/seo\/ -->\n<title>Organizadores - IV Congreso Internacional de Abordaje de Conflictos<\/title>\n<meta name=\"robots\" content=\"index, follow, max-snippet:-1, max-image-preview:large, max-video-preview:-1\" \/>\n<link rel=\"canonical\" href=\"http:\/\/www.equipo-imca.com.ar\/congreso2016\/organizadores\/\" \/>\n<meta property=\"og:locale\" content=\"es_ES\" \/>\n<meta property=\"og:type\" content=\"article\" \/>\n<meta property=\"og:title\" content=\"Organizadores - IV Congreso Internacional de Abordaje de Conflictos\" \/>\n<meta property=\"og:description\" content=\"Equipo IMCA (Equipo Interdisciplinario de Mediaci\u00f3n, Conciliaci\u00f3n y Arbitraje) Equipo IMCA Es una consultora interdisciplinaria de mediaci\u00f3n, conciliaci\u00f3n y arbitraje, integrada por profesionales de distintas disciplinas, que tiene por objeto promover un cambio de conducta en las relaciones humanas que permita acceder a una mejor calidad de vida. De este modo, pretende desarrollar espacios para... Leer M\u00e1s\" \/>\n<meta property=\"og:url\" content=\"http:\/\/www.equipo-imca.com.ar\/congreso2016\/organizadores\/\" \/>\n<meta property=\"og:site_name\" content=\"IV Congreso Internacional de Abordaje de Conflictos\" \/>\n<meta property=\"article:modified_time\" content=\"2016-03-14T04:40:36+00:00\" \/>\n<meta property=\"og:image\" content=\"http:\/\/www.equipo-imca.com.ar\/congreso2016\/wp-content\/uploads\/2013\/11\/logo-equipo-imca.jpg\" \/>\n<meta name=\"twitter:card\" content=\"summary\" \/>\n<meta name=\"twitter:label1\" content=\"Tiempo de lectura\" \/>\n\t<meta name=\"twitter:data1\" content=\"5 minutos\" \/>\n<script type=\"application\/ld+json\" class=\"yoast-schema-graph\">{\"@context\":\"https:\/\/schema.org\",\"@graph\":[{\"@type\":\"WebSite\",\"@id\":\"http:\/\/www.equipo-imca.com.ar\/congreso2016\/#website\",\"url\":\"http:\/\/www.equipo-imca.com.ar\/congreso2016\/\",\"name\":\"IV Congreso Internacional de Abordaje de Conflictos\",\"description\":\"\\u201cVencer la indiferencia para lograr la Paz\\u201d\",\"potentialAction\":[{\"@type\":\"SearchAction\",\"target\":{\"@type\":\"EntryPoint\",\"urlTemplate\":\"http:\/\/www.equipo-imca.com.ar\/congreso2016\/?s={search_term_string}\"},\"query-input\":\"required name=search_term_string\"}],\"inLanguage\":\"es\"},{\"@type\":\"ImageObject\",\"@id\":\"http:\/\/www.equipo-imca.com.ar\/congreso2016\/organizadores\/#primaryimage\",\"inLanguage\":\"es\",\"url\":\"http:\/\/www.equipo-imca.com.ar\/congreso2016\/wp-content\/uploads\/2013\/11\/logo-equipo-imca.jpg\",\"contentUrl\":\"http:\/\/www.equipo-imca.com.ar\/congreso2016\/wp-content\/uploads\/2013\/11\/logo-equipo-imca.jpg\",\"width\":235,\"height\":52},{\"@type\":\"WebPage\",\"@id\":\"http:\/\/www.equipo-imca.com.ar\/congreso2016\/organizadores\/#webpage\",\"url\":\"http:\/\/www.equipo-imca.com.ar\/congreso2016\/organizadores\/\",\"name\":\"Organizadores - IV Congreso Internacional de Abordaje de Conflictos\",\"isPartOf\":{\"@id\":\"http:\/\/www.equipo-imca.com.ar\/congreso2016\/#website\"},\"primaryImageOfPage\":{\"@id\":\"http:\/\/www.equipo-imca.com.ar\/congreso2016\/organizadores\/#primaryimage\"},\"datePublished\":\"2015-06-10T03:54:59+00:00\",\"dateModified\":\"2016-03-14T04:40:36+00:00\",\"breadcrumb\":{\"@id\":\"http:\/\/www.equipo-imca.com.ar\/congreso2016\/organizadores\/#breadcrumb\"},\"inLanguage\":\"es\",\"potentialAction\":[{\"@type\":\"ReadAction\",\"target\":[\"http:\/\/www.equipo-imca.com.ar\/congreso2016\/organizadores\/\"]}]},{\"@type\":\"BreadcrumbList\",\"@id\":\"http:\/\/www.equipo-imca.com.ar\/congreso2016\/organizadores\/#breadcrumb\",\"itemListElement\":[{\"@type\":\"ListItem\",\"position\":1,\"name\":\"Portada\",\"item\":\"http:\/\/www.equipo-imca.com.ar\/congreso2016\/\"},{\"@type\":\"ListItem\",\"position\":2,\"name\":\"Organizadores\"}]}]}<\/script>\n<!-- \/ Yoast SEO plugin. -->","yoast_head_json":{"title":"Organizadores - IV Congreso Internacional de Abordaje de Conflictos","robots":{"index":"index","follow":"follow","max-snippet":"max-snippet:-1","max-image-preview":"max-image-preview:large","max-video-preview":"max-video-preview:-1"},"canonical":"http:\/\/www.equipo-imca.com.ar\/congreso2016\/organizadores\/","og_locale":"es_ES","og_type":"article","og_title":"Organizadores - IV Congreso Internacional de Abordaje de Conflictos","og_description":"Equipo IMCA (Equipo Interdisciplinario de Mediaci\u00f3n, Conciliaci\u00f3n y Arbitraje) Equipo IMCA Es una consultora interdisciplinaria de mediaci\u00f3n, conciliaci\u00f3n y arbitraje, integrada por profesionales de distintas disciplinas, que tiene por objeto promover un cambio de conducta en las relaciones humanas que permita acceder a una mejor calidad de vida. De este modo, pretende desarrollar espacios para... Leer M\u00e1s","og_url":"http:\/\/www.equipo-imca.com.ar\/congreso2016\/organizadores\/","og_site_name":"IV Congreso Internacional de Abordaje de Conflictos","article_modified_time":"2016-03-14T04:40:36+00:00","og_image":[{"url":"http:\/\/www.equipo-imca.com.ar\/congreso2016\/wp-content\/uploads\/2013\/11\/logo-equipo-imca.jpg"}],"twitter_card":"summary","twitter_misc":{"Tiempo de lectura":"5 minutos"},"schema":{"@context":"https:\/\/schema.org","@graph":[{"@type":"WebSite","@id":"http:\/\/www.equipo-imca.com.ar\/congreso2016\/#website","url":"http:\/\/www.equipo-imca.com.ar\/congreso2016\/","name":"IV Congreso Internacional de Abordaje de Conflictos","description":"\u201cVencer la indiferencia para lograr la Paz\u201d","potentialAction":[{"@type":"SearchAction","target":{"@type":"EntryPoint","urlTemplate":"http:\/\/www.equipo-imca.com.ar\/congreso2016\/?s={search_term_string}"},"query-input":"required name=search_term_string"}],"inLanguage":"es"},{"@type":"ImageObject","@id":"http:\/\/www.equipo-imca.com.ar\/congreso2016\/organizadores\/#primaryimage","inLanguage":"es","url":"http:\/\/www.equipo-imca.com.ar\/congreso2016\/wp-content\/uploads\/2013\/11\/logo-equipo-imca.jpg","contentUrl":"http:\/\/www.equipo-imca.com.ar\/congreso2016\/wp-content\/uploads\/2013\/11\/logo-equipo-imca.jpg","width":235,"height":52},{"@type":"WebPage","@id":"http:\/\/www.equipo-imca.com.ar\/congreso2016\/organizadores\/#webpage","url":"http:\/\/www.equipo-imca.com.ar\/congreso2016\/organizadores\/","name":"Organizadores - IV Congreso Internacional de Abordaje de Conflictos","isPartOf":{"@id":"http:\/\/www.equipo-imca.com.ar\/congreso2016\/#website"},"primaryImageOfPage":{"@id":"http:\/\/www.equipo-imca.com.ar\/congreso2016\/organizadores\/#primaryimage"},"datePublished":"2015-06-10T03:54:59+00:00","dateModified":"2016-03-14T04:40:36+00:00","breadcrumb":{"@id":"http:\/\/www.equipo-imca.com.ar\/congreso2016\/organizadores\/#breadcrumb"},"inLanguage":"es","potentialAction":[{"@type":"ReadAction","target":["http:\/\/www.equipo-imca.com.ar\/congreso2016\/organizadores\/"]}]},{"@type":"BreadcrumbList","@id":"http:\/\/www.equipo-imca.com.ar\/congreso2016\/organizadores\/#breadcrumb","itemListElement":[{"@type":"ListItem","position":1,"name":"Portada","item":"http:\/\/www.equipo-imca.com.ar\/congreso2016\/"},{"@type":"ListItem","position":2,"name":"Organizadores"}]}]}},"_links":{"self":[{"href":"http:\/\/www.equipo-imca.com.ar\/congreso2016\/wp-json\/wp\/v2\/pages\/98"}],"collection":[{"href":"http:\/\/www.equipo-imca.com.ar\/congreso2016\/wp-json\/wp\/v2\/pages"}],"about":[{"href":"http:\/\/www.equipo-imca.com.ar\/congreso2016\/wp-json\/wp\/v2\/types\/page"}],"author":[{"embeddable":true,"href":"http:\/\/www.equipo-imca.com.ar\/congreso2016\/wp-json\/wp\/v2\/users\/1"}],"replies":[{"embeddable":true,"href":"http:\/\/www.equipo-imca.com.ar\/congreso2016\/wp-json\/wp\/v2\/comments?post=98"}],"version-history":[{"count":2,"href":"http:\/\/www.equipo-imca.com.ar\/congreso2016\/wp-json\/wp\/v2\/pages\/98\/revisions"}],"predecessor-version":[{"id":348,"href":"http:\/\/www.equipo-imca.com.ar\/congreso2016\/wp-json\/wp\/v2\/pages\/98\/revisions\/348"}],"wp:attachment":[{"href":"http:\/\/www.equipo-imca.com.ar\/congreso2016\/wp-json\/wp\/v2\/media?parent=98"}],"curies":[{"name":"wp","href":"https:\/\/api.w.org\/{rel}","templated":true}]}}